{"id":6337,"date":"2023-08-17T09:33:34","date_gmt":"2023-08-17T08:33:34","guid":{"rendered":"https:\/\/dzepina.com\/?page_id=6337"},"modified":"2023-10-17T10:29:50","modified_gmt":"2023-10-17T09:29:50","slug":"service-preisliste","status":"publish","type":"page","link":"https:\/\/dzepina.com\/de\/startseite\/informationen\/service-preisliste\/","title":{"rendered":"Zahlungs- und Preisliste"},"content":{"rendered":"\t\t<div data-elementor-type=\"wp-page\" data-elementor-id=\"6337\" class=\"elementor elementor-6337 elementor-6332\" data-elementor-post-type=\"page\">\n\t\t\t\t\t\t<section class=\"elementor-section elementor-top-section elementor-element elementor-element-68a25e05 elementor-section-boxed elementor-section-height-default elementor-section-height-default\" data-id=\"68a25e05\" data-element_type=\"section\" data-e-type=\"section\">\n\t\t\t\t\t\t<div class=\"elementor-container elementor-column-gap-default\">\n\t\t\t\t\t<div class=\"elementor-column elementor-col-100 elementor-top-column elementor-element elementor-element-59dab1fc\" data-id=\"59dab1fc\" data-element_type=\"column\" data-e-type=\"column\">\n\t\t\t<div class=\"elementor-widget-wrap elementor-element-populated\">\n\t\t\t\t\t\t<div class=\"elementor-element elementor-element-25ce06c8 elementor-widget elementor-widget-text-editor\" data-id=\"25ce06c8\" data-element_type=\"widget\" data-e-type=\"widget\" data-widget_type=\"text-editor.default\">\n\t\t\t\t<div class=\"elementor-widget-container\">\n\t\t\t\t\t\t\t\t\t<p class=\"p1\"><span class=\"s1\">Die Preisliste k\u00f6nnen Sie <a href=\"https:\/\/dzepina.com\/de\/?page_id=11036\"><strong>HIER<\/strong><\/a> finden.<\/span><\/p><p class=\"p1\"><span class=\"s1\">Genauere Informationen \u00fcber den Preis einer bestimmten Operation oder eines bestimmten Eingriffs erh\u00e4lt der Patient am Ende des Beratungsgespr\u00e4chs.<\/span><\/p><p class=\"p1\"><span class=\"s1\">Bezahlung in der Poliklinik \u201eDr. D\u017eepina\u201c erfolgt mit Bargeld und Kreditkarten (Maestro, Mastercard, Visa, Diners). Nach Vereinbarung ist eine Ratenzahlung m\u00f6glich. Die Poliklinik ist eine komplett private Unternehmen und hat keinen Vertrag mit dem HZZO.<\/span><\/p><p class=\"p1\"><span class=\"s1\">Wir sind eine kooperative Institution der <strong><a href=\"https:\/\/crosig.hr\/zdravstveno-osiguranje\/\">kroatischen Krankenversicherung<\/a><\/strong>, <strong><a href=\"https:\/\/www.allianz.hr\/hr_HR\/privatni-korisnici\/zivot-i-zdravlje\/zdravstveno-osiguranje\/dopunsko-zdravstveno-osiguranje.html\">Allianz Versicherung<\/a><\/strong> und <a href=\"https:\/\/www.grawe.hr\/dodatno-zdravstveno-osiguranje\/\"><strong>Grawe Versicherung<\/strong>.<\/a>Die Versicherten dieser Unternehmen k\u00f6nnen die M\u00f6glichkeit nutzen, die Dienstleistungen in der Poliklinik bereits nach der Art der gesicherten Polizze zu erbringen.<br \/><img decoding=\"async\" class=\"alignnone size-full wp-image-7231\" src=\"https:\/\/dzepina.com\/wp-content\/uploads\/66F86DCB-74D0-4AAC-A3A4-97563D353672.jpeg\" alt=\"Croatia Versicherung\" width=\"284\" height=\"142\" \/><img decoding=\"async\" class=\"alignnone wp-image-7236 size-medium\" src=\"https:\/\/dzepina.com\/wp-content\/uploads\/F1289C6F-F9AF-4C99-96C8-DCF3D4542E86-300x118.png\" alt=\"Allianz Krankenversicherung\" width=\"300\" height=\"118\" \/><img fetchpriority=\"high\" decoding=\"async\" class=\"alignnone size-medium wp-image-7240\" src=\"https:\/\/dzepina.com\/wp-content\/uploads\/813DFEDF-3C23-49A6-890E-E6B34D8A2DD6-300x178.jpeg\" alt=\"Grawe Versicherung\" width=\"300\" height=\"178\" \/><br \/><\/span><\/p>\t\t\t\t\t\t\t\t<\/div>\n\t\t\t\t<\/div>\n\t\t\t\t\t<\/div>\n\t\t<\/div>\n\t\t\t\t\t<\/div>\n\t\t<\/section>\n\t\t\t\t<\/div>\n\t\t","protected":false},"excerpt":{"rendered":"<p>Die Preisliste k\u00f6nnen Sie HIER finden. Genauere Informationen \u00fcber den Preis einer bestimmten Operation oder eines bestimmten Eingriffs erh\u00e4lt der Patient am Ende des Beratungsgespr\u00e4chs. Bezahlung in der Poliklinik \u201eDr. D\u017eepina\u201c erfolgt mit Bargeld und Kreditkarten (Maestro, Mastercard, Visa, Diners). Nach Vereinbarung ist eine Ratenzahlung m\u00f6glich. Die Poliklinik ist eine [&hellip;]<\/p>\n","protected":false},"author":2,"featured_media":12547,"parent":4749,"menu_order":2,"comment_status":"closed","ping_status":"closed","template":"","meta":{"_eb_attr":"","_uag_custom_page_level_css":"","site-sidebar-layout":"default","site-content-layout":"","ast-site-content-layout":"default","site-content-style":"default","site-sidebar-style":"default","ast-global-header-display":"","ast-banner-title-visibility":"","ast-main-header-display":"","ast-hfb-above-header-display":"","ast-hfb-below-header-display":"","ast-hfb-mobile-header-display":"","site-post-title":"disabled","ast-breadcrumbs-content":"","ast-featured-img":"disabled","footer-sml-layout":"","theme-transparent-header-meta":"","adv-header-id-meta":"","stick-header-meta":"","header-above-stick-meta":"","header-main-stick-meta":"","header-below-stick-meta":"","astra-migrate-meta-layouts":"set","ast-page-background-enabled":"default","ast-page-background-meta":{"desktop":{"background-color":"","background-image":"","background-repeat":"repeat","background-position":"center center","background-size":"auto","background-attachment":"scroll","background-type":"","background-media":"","overlay-type":"","overlay-color":"","overlay-opacity":"","overlay-gradient":""},"tablet":{"background-color":"","background-image":"","background-repeat":"repeat","background-position":"center center","background-size":"auto","background-attachment":"scroll","background-type":"","background-media":"","overlay-type":"","overlay-color":"","overlay-opacity":"","overlay-gradient":""},"mobile":{"background-color":"","background-image":"","background-repeat":"repeat","background-position":"center center","background-size":"auto","background-attachment":"scroll","background-type":"","background-media":"","overlay-type":"","overlay-color":"","overlay-opacity":"","overlay-gradient":""}},"ast-content-background-meta":{"desktop":{"background-color":"var(--ast-global-color-5)","background-image":"","background-repeat":"repeat","background-position":"center center","background-size":"auto","background-attachment":"scroll","background-type":"","background-media":"","overlay-type":"","overlay-color":"","overlay-opacity":"","overlay-gradient":""},"tablet":{"background-color":"var(--ast-global-color-5)","background-image":"","background-repeat":"repeat","background-position":"center center","background-size":"auto","background-attachment":"scroll","background-type":"","background-media":"","overlay-type":"","overlay-color":"","overlay-opacity":"","overlay-gradient":""},"mobile":{"background-color":"var(--ast-global-color-5)","background-image":"","background-repeat":"repeat","background-position":"center center","background-size":"auto","background-attachment":"scroll","background-type":"","background-media":"","overlay-type":"","overlay-color":"","overlay-opacity":"","overlay-gradient":""}},"footnotes":""},"class_list":["post-6337","page","type-page","status-publish","has-post-thumbnail","hentry"],"yoast_head":"<!-- This site is optimized with the Yoast SEO Premium plugin v25.4 (Yoast SEO v27.2) - https:\/\/yoast.com\/product\/yoast-seo-premium-wordpress\/ -->\n<title>Zahlungs- und Preisliste &#8211; Poliklinika Dr. D\u017eepina<\/title>\n<meta name=\"description\" content=\"Preisliste - Die Poliklinik ist eine private Unternehmen und hat keinen Vertrag mit HZZO, sondern mit Croatia Versicherung, Allianz und Grawe Versicherungen.\" \/>\n<meta name=\"robots\" content=\"index, follow, max-snippet:-1, max-image-preview:large, max-video-preview:-1\" \/>\n<link rel=\"canonical\" href=\"https:\/\/dzepina.com\/de\/startseite\/informationen\/service-preisliste\/\" \/>\n<meta property=\"og:locale\" content=\"de_DE\" \/>\n<meta property=\"og:type\" content=\"article\" \/>\n<meta property=\"og:title\" content=\"Zahlungs- und Preisliste\" \/>\n<meta property=\"og:description\" content=\"Die Preisliste k\u00f6nnen Sie HIER finden. Genauere Informationen \u00fcber den Preis einer bestimmten Operation oder eines bestimmten Eingriffs erh\u00e4lt der Patient\" \/>\n<meta property=\"og:url\" content=\"https:\/\/dzepina.com\/de\/startseite\/informationen\/service-preisliste\/\" \/>\n<meta property=\"og:site_name\" content=\"Poliklinika Dr. D\u017eepina\" \/>\n<meta property=\"article:publisher\" content=\"https:\/\/www.facebook.com\/bookertransfersandtours\/\" \/>\n<meta property=\"article:modified_time\" content=\"2023-10-17T09:29:50+00:00\" \/>\n<meta property=\"og:image\" content=\"https:\/\/dzepina.com\/wp-content\/uploads\/shutterstock_2110210238_707342572177-scaled.jpg\" \/>\n\t<meta property=\"og:image:width\" content=\"2560\" \/>\n\t<meta property=\"og:image:height\" content=\"2560\" \/>\n\t<meta property=\"og:image:type\" content=\"image\/jpeg\" \/>\n<meta name=\"twitter:card\" content=\"summary_large_image\" \/>\n<meta name=\"twitter:site\" content=\"@DzepinaDr\" \/>\n<meta name=\"twitter:label1\" content=\"Gesch\u00e4tzte Lesezeit\" \/>\n\t<meta name=\"twitter:data1\" content=\"2\u00a0Minuten\" \/>\n<script type=\"application\/ld+json\" class=\"yoast-schema-graph\">{\"@context\":\"https:\/\/schema.org\",\"@graph\":[{\"@type\":\"WebPage\",\"@id\":\"https:\/\/dzepina.com\/de\/startseite\/informationen\/service-preisliste\/\",\"url\":\"https:\/\/dzepina.com\/de\/startseite\/informationen\/service-preisliste\/\",\"name\":\"Zahlungs- und Preisliste &#8211; Poliklinika Dr. D\u017eepina\",\"isPartOf\":{\"@id\":\"https:\/\/dzepina.com\/de\/#website\"},\"primaryImageOfPage\":{\"@id\":\"https:\/\/dzepina.com\/de\/startseite\/informationen\/service-preisliste\/#primaryimage\"},\"image\":{\"@id\":\"https:\/\/dzepina.com\/de\/startseite\/informationen\/service-preisliste\/#primaryimage\"},\"thumbnailUrl\":\"https:\/\/dzepina.com\/wp-content\/uploads\/shutterstock_2110210238_707342572177-scaled.webp\",\"datePublished\":\"2023-08-17T08:33:34+00:00\",\"dateModified\":\"2023-10-17T09:29:50+00:00\",\"description\":\"Preisliste - Die Poliklinik ist eine private Unternehmen und hat keinen Vertrag mit HZZO, sondern mit Croatia Versicherung, Allianz und Grawe Versicherungen.\",\"breadcrumb\":{\"@id\":\"https:\/\/dzepina.com\/de\/startseite\/informationen\/service-preisliste\/#breadcrumb\"},\"inLanguage\":\"de\",\"potentialAction\":[{\"@type\":\"ReadAction\",\"target\":[\"https:\/\/dzepina.com\/de\/startseite\/informationen\/service-preisliste\/\"]}]},{\"@type\":\"ImageObject\",\"inLanguage\":\"de\",\"@id\":\"https:\/\/dzepina.com\/de\/startseite\/informationen\/service-preisliste\/#primaryimage\",\"url\":\"https:\/\/dzepina.com\/wp-content\/uploads\/shutterstock_2110210238_707342572177-scaled.webp\",\"contentUrl\":\"https:\/\/dzepina.com\/wp-content\/uploads\/shutterstock_2110210238_707342572177-scaled.webp\",\"width\":2560,\"height\":2560,\"caption\":\"Pla\u0107anje\"},{\"@type\":\"BreadcrumbList\",\"@id\":\"https:\/\/dzepina.com\/de\/startseite\/informationen\/service-preisliste\/#breadcrumb\",\"itemListElement\":[{\"@type\":\"ListItem\",\"position\":1,\"name\":\"Naslovna\",\"item\":\"https:\/\/dzepina.com\/de\/\"},{\"@type\":\"ListItem\",\"position\":2,\"name\":\"Home\",\"item\":\"https:\/\/dzepina.com\/de\/\"},{\"@type\":\"ListItem\",\"position\":3,\"name\":\"Informationen\",\"item\":\"https:\/\/dzepina.com\/de\/startseite\/informationen\/\"},{\"@type\":\"ListItem\",\"position\":4,\"name\":\"Zahlungs- und Preisliste\"}]},{\"@type\":\"WebSite\",\"@id\":\"https:\/\/dzepina.com\/de\/#website\",\"url\":\"https:\/\/dzepina.com\/de\/\",\"name\":\"Poliklinika Dr. D\u017eepina\",\"description\":\"Plasti\u010dna i estetska kirurgija, ORL i MFK\",\"publisher\":{\"@id\":\"https:\/\/dzepina.com\/de\/#organization\"},\"potentialAction\":[{\"@type\":\"SearchAction\",\"target\":{\"@type\":\"EntryPoint\",\"urlTemplate\":\"https:\/\/dzepina.com\/de\/?s={search_term_string}\"},\"query-input\":{\"@type\":\"PropertyValueSpecification\",\"valueRequired\":true,\"valueName\":\"search_term_string\"}}],\"inLanguage\":\"de\"},{\"@type\":[\"Organization\",\"Place\",\"PlasticSurgery\"],\"@id\":\"https:\/\/dzepina.com\/de\/#organization\",\"name\":\"POLIKLINIKA DR. D\u017dEPINA\",\"url\":\"https:\/\/dzepina.com\/de\/\",\"logo\":{\"@id\":\"https:\/\/dzepina.com\/de\/startseite\/informationen\/service-preisliste\/#local-main-organization-logo\"},\"image\":{\"@id\":\"https:\/\/dzepina.com\/de\/startseite\/informationen\/service-preisliste\/#local-main-organization-logo\"},\"sameAs\":[\"https:\/\/www.facebook.com\/bookertransfersandtours\/\",\"https:\/\/x.com\/DzepinaDr\",\"https:\/\/www.instagram.com\/booker_hr\/drdzepina\"],\"address\":{\"@id\":\"https:\/\/dzepina.com\/de\/startseite\/informationen\/service-preisliste\/#local-main-place-address\"},\"geo\":{\"@type\":\"GeoCoordinates\",\"latitude\":\"45.801848681861486\",\"longitude\":\"16.012701191427382\"},\"telephone\":[\"+38512304532\"],\"contactPoint\":{\"@type\":\"ContactPoint\",\"telephone\":\"+38512304532\",\"email\":\"info@dzepina.com\"},\"openingHoursSpecification\":[{\"@type\":\"OpeningHoursSpecification\",\"dayOfWeek\":[\"Monday\",\"Tuesday\",\"Wednesday\",\"Thursday\",\"Friday\"],\"opens\":\"10:00\",\"closes\":\"20:00\"},{\"@type\":\"OpeningHoursSpecification\",\"dayOfWeek\":[\"Saturday\",\"Sunday\"],\"opens\":\"00:00\",\"closes\":\"00:00\"}],\"email\":\"info@dzepina.com\",\"faxNumber\":\"+38512304532\",\"vatID\":\"36327044540\"},{\"@type\":\"PostalAddress\",\"@id\":\"https:\/\/dzepina.com\/de\/startseite\/informationen\/service-preisliste\/#local-main-place-address\",\"streetAddress\":\"Ulica grada Vukovara 284\",\"addressLocality\":\"Zagreb\",\"postalCode\":\"10000\",\"addressRegion\":\"Hrvatska\",\"addressCountry\":\"HR\"},{\"@type\":\"ImageObject\",\"inLanguage\":\"de\",\"@id\":\"https:\/\/dzepina.com\/de\/startseite\/informationen\/service-preisliste\/#local-main-organization-logo\",\"url\":\"https:\/\/dzepina.com\/wp-content\/uploads\/BBBF4625-E418-427F-B981-EDD046C2BE15.webp\",\"contentUrl\":\"https:\/\/dzepina.com\/wp-content\/uploads\/BBBF4625-E418-427F-B981-EDD046C2BE15.webp\",\"width\":1139,\"height\":572,\"caption\":\"POLIKLINIKA DR. D\u017dEPINA\"}]}<\/script>\n<meta name=\"geo.placename\" content=\"Zagreb\" \/>\n<meta name=\"geo.position\" content=\"45.801848681861486;16.012701191427382\" \/>\n<meta name=\"geo.region\" content=\"Kroatien\" \/>\n<!-- \/ Yoast SEO Premium plugin. -->","yoast_head_json":{"title":"Zahlungs- und Preisliste &#8211; Poliklinika Dr. D\u017eepina","description":"Preisliste - Die Poliklinik ist eine private Unternehmen und hat keinen Vertrag mit HZZO, sondern mit Croatia Versicherung, Allianz und Grawe Versicherungen.","robots":{"index":"index","follow":"follow","max-snippet":"max-snippet:-1","max-image-preview":"max-image-preview:large","max-video-preview":"max-video-preview:-1"},"canonical":"https:\/\/dzepina.com\/de\/startseite\/informationen\/service-preisliste\/","og_locale":"de_DE","og_type":"article","og_title":"Zahlungs- und Preisliste","og_description":"Die Preisliste k\u00f6nnen Sie HIER finden. Genauere Informationen \u00fcber den Preis einer bestimmten Operation oder eines bestimmten Eingriffs erh\u00e4lt der Patient","og_url":"https:\/\/dzepina.com\/de\/startseite\/informationen\/service-preisliste\/","og_site_name":"Poliklinika Dr. D\u017eepina","article_publisher":"https:\/\/www.facebook.com\/bookertransfersandtours\/","article_modified_time":"2023-10-17T09:29:50+00:00","og_image":[{"width":2560,"height":2560,"url":"https:\/\/dzepina.com\/wp-content\/uploads\/shutterstock_2110210238_707342572177-scaled.jpg","type":"image\/jpeg"}],"twitter_card":"summary_large_image","twitter_site":"@DzepinaDr","twitter_misc":{"Gesch\u00e4tzte Lesezeit":"2\u00a0Minuten"},"schema":{"@context":"https:\/\/schema.org","@graph":[{"@type":"WebPage","@id":"https:\/\/dzepina.com\/de\/startseite\/informationen\/service-preisliste\/","url":"https:\/\/dzepina.com\/de\/startseite\/informationen\/service-preisliste\/","name":"Zahlungs- und Preisliste &#8211; Poliklinika Dr. D\u017eepina","isPartOf":{"@id":"https:\/\/dzepina.com\/de\/#website"},"primaryImageOfPage":{"@id":"https:\/\/dzepina.com\/de\/startseite\/informationen\/service-preisliste\/#primaryimage"},"image":{"@id":"https:\/\/dzepina.com\/de\/startseite\/informationen\/service-preisliste\/#primaryimage"},"thumbnailUrl":"https:\/\/dzepina.com\/wp-content\/uploads\/shutterstock_2110210238_707342572177-scaled.webp","datePublished":"2023-08-17T08:33:34+00:00","dateModified":"2023-10-17T09:29:50+00:00","description":"Preisliste - Die Poliklinik ist eine private Unternehmen und hat keinen Vertrag mit HZZO, sondern mit Croatia Versicherung, Allianz und Grawe Versicherungen.","breadcrumb":{"@id":"https:\/\/dzepina.com\/de\/startseite\/informationen\/service-preisliste\/#breadcrumb"},"inLanguage":"de","potentialAction":[{"@type":"ReadAction","target":["https:\/\/dzepina.com\/de\/startseite\/informationen\/service-preisliste\/"]}]},{"@type":"ImageObject","inLanguage":"de","@id":"https:\/\/dzepina.com\/de\/startseite\/informationen\/service-preisliste\/#primaryimage","url":"https:\/\/dzepina.com\/wp-content\/uploads\/shutterstock_2110210238_707342572177-scaled.webp","contentUrl":"https:\/\/dzepina.com\/wp-content\/uploads\/shutterstock_2110210238_707342572177-scaled.webp","width":2560,"height":2560,"caption":"Pla\u0107anje"},{"@type":"BreadcrumbList","@id":"https:\/\/dzepina.com\/de\/startseite\/informationen\/service-preisliste\/#breadcrumb","itemListElement":[{"@type":"ListItem","position":1,"name":"Naslovna","item":"https:\/\/dzepina.com\/de\/"},{"@type":"ListItem","position":2,"name":"Home","item":"https:\/\/dzepina.com\/de\/"},{"@type":"ListItem","position":3,"name":"Informationen","item":"https:\/\/dzepina.com\/de\/startseite\/informationen\/"},{"@type":"ListItem","position":4,"name":"Zahlungs- und Preisliste"}]},{"@type":"WebSite","@id":"https:\/\/dzepina.com\/de\/#website","url":"https:\/\/dzepina.com\/de\/","name":"Poliklinika Dr. D\u017eepina","description":"Plasti\u010dna i estetska kirurgija, ORL i MFK","publisher":{"@id":"https:\/\/dzepina.com\/de\/#organization"},"potentialAction":[{"@type":"SearchAction","target":{"@type":"EntryPoint","urlTemplate":"https:\/\/dzepina.com\/de\/?s={search_term_string}"},"query-input":{"@type":"PropertyValueSpecification","valueRequired":true,"valueName":"search_term_string"}}],"inLanguage":"de"},{"@type":["Organization","Place","PlasticSurgery"],"@id":"https:\/\/dzepina.com\/de\/#organization","name":"POLIKLINIKA DR. D\u017dEPINA","url":"https:\/\/dzepina.com\/de\/","logo":{"@id":"https:\/\/dzepina.com\/de\/startseite\/informationen\/service-preisliste\/#local-main-organization-logo"},"image":{"@id":"https:\/\/dzepina.com\/de\/startseite\/informationen\/service-preisliste\/#local-main-organization-logo"},"sameAs":["https:\/\/www.facebook.com\/bookertransfersandtours\/","https:\/\/x.com\/DzepinaDr","https:\/\/www.instagram.com\/booker_hr\/drdzepina"],"address":{"@id":"https:\/\/dzepina.com\/de\/startseite\/informationen\/service-preisliste\/#local-main-place-address"},"geo":{"@type":"GeoCoordinates","latitude":"45.801848681861486","longitude":"16.012701191427382"},"telephone":["+38512304532"],"contactPoint":{"@type":"ContactPoint","telephone":"+38512304532","email":"info@dzepina.com"},"openingHoursSpecification":[{"@type":"OpeningHoursSpecification","dayOfWeek":["Monday","Tuesday","Wednesday","Thursday","Friday"],"opens":"10:00","closes":"20:00"},{"@type":"OpeningHoursSpecification","dayOfWeek":["Saturday","Sunday"],"opens":"00:00","closes":"00:00"}],"email":"info@dzepina.com","faxNumber":"+38512304532","vatID":"36327044540"},{"@type":"PostalAddress","@id":"https:\/\/dzepina.com\/de\/startseite\/informationen\/service-preisliste\/#local-main-place-address","streetAddress":"Ulica grada Vukovara 284","addressLocality":"Zagreb","postalCode":"10000","addressRegion":"Hrvatska","addressCountry":"HR"},{"@type":"ImageObject","inLanguage":"de","@id":"https:\/\/dzepina.com\/de\/startseite\/informationen\/service-preisliste\/#local-main-organization-logo","url":"https:\/\/dzepina.com\/wp-content\/uploads\/BBBF4625-E418-427F-B981-EDD046C2BE15.webp","contentUrl":"https:\/\/dzepina.com\/wp-content\/uploads\/BBBF4625-E418-427F-B981-EDD046C2BE15.webp","width":1139,"height":572,"caption":"POLIKLINIKA DR. D\u017dEPINA"}]},"geo.placename":"Zagreb","geo.position":{"lat":"45.801848681861486","long":"16.012701191427382"},"geo.region":"Kroatien"},"uagb_featured_image_src":{"full":["https:\/\/dzepina.com\/wp-content\/uploads\/shutterstock_2110210238_707342572177-scaled.webp",2560,2560,false],"thumbnail":["https:\/\/dzepina.com\/wp-content\/uploads\/shutterstock_2110210238_707342572177-150x150.jpg",150,150,true],"medium":["https:\/\/dzepina.com\/wp-content\/uploads\/shutterstock_2110210238_707342572177-300x300.jpg",300,300,true],"medium_large":["https:\/\/dzepina.com\/wp-content\/uploads\/shutterstock_2110210238_707342572177-768x768.jpg",768,768,true],"large":["https:\/\/dzepina.com\/wp-content\/uploads\/shutterstock_2110210238_707342572177-1024x1024.jpg",1024,1024,true],"1536x1536":["https:\/\/dzepina.com\/wp-content\/uploads\/shutterstock_2110210238_707342572177-1536x1536.jpg",1536,1536,true],"2048x2048":["https:\/\/dzepina.com\/wp-content\/uploads\/shutterstock_2110210238_707342572177-2048x2048.jpg",2048,2048,true]},"uagb_author_info":{"display_name":"Davor Dzepina","author_link":"https:\/\/dzepina.com\/de\/author\/dr-dzepina\/"},"uagb_comment_info":0,"uagb_excerpt":"Die Preisliste k\u00f6nnen Sie HIER finden. Genauere Informationen \u00fcber den Preis einer bestimmten Operation oder eines bestimmten Eingriffs erh\u00e4lt der Patient am Ende des Beratungsgespr\u00e4chs. Bezahlung in der Poliklinik \u201eDr. D\u017eepina\u201c erfolgt mit Bargeld und Kreditkarten (Maestro, Mastercard, Visa, Diners). Nach Vereinbarung ist eine Ratenzahlung m\u00f6glich. Die Poliklinik ist eine [&hellip;]","_links":{"self":[{"href":"https:\/\/dzepina.com\/de\/wp-json\/wp\/v2\/pages\/6337","targetHints":{"allow":["GET"]}}],"collection":[{"href":"https:\/\/dzepina.com\/de\/wp-json\/wp\/v2\/pages"}],"about":[{"href":"https:\/\/dzepina.com\/de\/wp-json\/wp\/v2\/types\/page"}],"author":[{"embeddable":true,"href":"https:\/\/dzepina.com\/de\/wp-json\/wp\/v2\/users\/2"}],"replies":[{"embeddable":true,"href":"https:\/\/dzepina.com\/de\/wp-json\/wp\/v2\/comments?post=6337"}],"version-history":[{"count":15,"href":"https:\/\/dzepina.com\/de\/wp-json\/wp\/v2\/pages\/6337\/revisions"}],"predecessor-version":[{"id":19174,"href":"https:\/\/dzepina.com\/de\/wp-json\/wp\/v2\/pages\/6337\/revisions\/19174"}],"up":[{"embeddable":true,"href":"https:\/\/dzepina.com\/de\/wp-json\/wp\/v2\/pages\/4749"}],"wp:featuredmedia":[{"embeddable":true,"href":"https:\/\/dzepina.com\/de\/wp-json\/wp\/v2\/media\/12547"}],"wp:attachment":[{"href":"https:\/\/dzepina.com\/de\/wp-json\/wp\/v2\/media?parent=6337"}],"curies":[{"name":"wp","href":"https:\/\/api.w.org\/{rel}","templated":true}]}}